{"id":1285,"date":"2018-08-15T11:01:32","date_gmt":"2018-08-15T14:01:32","guid":{"rendered":"https:\/\/ifd12-nqn.infd.edu.ar\/sitio\/?page_id=1285"},"modified":"2018-08-21T08:54:31","modified_gmt":"2018-08-21T11:54:31","slug":"contactos","status":"publish","type":"page","link":"https:\/\/ifd12-nqn.infd.edu.ar\/sitio\/contactos\/","title":{"rendered":"Contactos"},"content":{"rendered":"<p>Profesor: Ra\u00fal Gonz\u00e1lez<\/p>\n<p>Profesora: Mariana S\u00e1nchez<\/p>\n<p>Mail: jornadas.ifd.tic@gmail.com<br \/>\nURL: https:\/\/ifd12-nqn.infd.edu.ar\/sitio\/<\/p>\n","protected":false},"excerpt":{"rendered":"<p>Profesor: Ra\u00fal Gonz\u00e1lez Profesora: Mariana S\u00e1nchez Mail: jornadas.ifd.tic@gmail.com URL: https:\/\/ifd12-nqn.infd.edu.ar\/sitio\/<\/p>\n","protected":false},"author":1452,"featured_media":0,"parent":0,"menu_order":0,"comment_status":"closed","ping_status":"closed","template":"","meta":[],"acf":[],"_links":{"self":[{"href":"https:\/\/ifd12-nqn.infd.edu.ar\/sitio\/wp-json\/wp\/v2\/pages\/1285"}],"collection":[{"href":"https:\/\/ifd12-nqn.infd.edu.ar\/sitio\/wp-json\/wp\/v2\/pages"}],"about":[{"href":"https:\/\/ifd12-nqn.infd.edu.ar\/sitio\/wp-json\/wp\/v2\/types\/page"}],"author":[{"embeddable":true,"href":"https:\/\/ifd12-nqn.infd.edu.ar\/sitio\/wp-json\/wp\/v2\/users\/1452"}],"replies":[{"embeddable":true,"href":"https:\/\/ifd12-nqn.infd.edu.ar\/sitio\/wp-json\/wp\/v2\/comments?post=1285"}],"version-history":[{"count":2,"href":"https:\/\/ifd12-nqn.infd.edu.ar\/sitio\/wp-json\/wp\/v2\/pages\/1285\/revisions"}],"predecessor-version":[{"id":1324,"href":"https:\/\/ifd12-nqn.infd.edu.ar\/sitio\/wp-json\/wp\/v2\/pages\/1285\/revisions\/1324"}],"wp:attachment":[{"href":"https:\/\/ifd12-nqn.infd.edu.ar\/sitio\/wp-json\/wp\/v2\/media?parent=1285"}],"curies":[{"name":"wp","href":"https:\/\/api.w.org\/{rel}","templated":true}]}}