{"id":1374,"date":"2018-10-25T14:17:12","date_gmt":"2018-10-25T17:17:12","guid":{"rendered":"https:\/\/ifd12-nqn.infd.edu.ar\/sitio\/?page_id=1374"},"modified":"2025-11-26T13:47:46","modified_gmt":"2025-11-26T16:47:46","slug":"https-ifd12-nqn-infd-edu-ar-sitio-inscripciones-2021","status":"publish","type":"page","link":"https:\/\/ifd12-nqn.infd.edu.ar\/sitio\/https-ifd12-nqn-infd-edu-ar-sitio-inscripciones-2021\/","title":{"rendered":"Ingresantes 2026"},"content":{"rendered":"<h3>\u00a0 \u00a0 \u00a0 \u00a0 \u00a0 \u00a0 \u00a0 \u00a0 \u00a0 \u00a0 \u00a0 \u00a0 \u00a0 \u00a0 \u00a0 \u00a0 \u00a0 \u00a0 \u00a0 \u00a0 \u00a0 \u00a0 \u00a0 \u00a0 \u00a0 \u00a0 \u00a0 \u00a0 \u00a0 \u00a0 \u00a0 \u00a0 \u00a0 \u00a0 \u00a0 \u00a0 \u00a0<\/h3>\n<h2 style=\"text-align: center;\"><span style=\"color: #800080;\">INGRESANTES 1\u00ba A\u00d1O 2026 &#8211;<\/span><\/h2>\n<p>&nbsp;<\/p>\n<h2><span style=\"color: #ff0000;\"><strong>INSCRIPCIONES A TRAV\u00c9S DE LA P\u00c1GINA<\/strong>:<strong>\u00a0 A partir del 01\/12<\/strong><\/span><\/h2>\n<h2>\u00a0<\/h2>\n<h2><span style=\"color: #0000ff;\"><strong>PASO A PASO PARA REALIZAR LA INSCRIPCI\u00d3N:<\/strong><\/span><\/h2>\n<p>&nbsp;<\/p>\n<p><span style=\"color: #008080;\"><strong>1- Completar el FORMULARIO DE PRE-INSCRIPCI\u00d3N ONLINE (que s\u00f3lo se habilitar\u00e1 durante las fechas establecidas).\u00a0<\/strong><\/span><\/p>\n<p>Para completar el formulario necesitar\u00e1n conexi\u00f3n a Internet y una cuenta de <strong>gmail<\/strong> v\u00e1lida que funcione. Una vez abierto el formulario, deber\u00e1n completar todos los campos sin omitir informaci\u00f3n. Solicitamos tengan en cuenta las indicaciones, por ejemplo: escriban primero sus APELLIDOS y luego sus NOMBRES, tal como figuran en el DNI, TODO EN MAY\u00daSCULAS y teniendo en cuenta acentuaci\u00f3n.<\/p>\n<p><strong>\u00a1Atenci\u00f3n!<\/strong>\u00a0<strong>El correo electr\u00f3nico <\/strong>que ingresen en el formulario de pre-inscripci\u00f3n<strong> ser\u00e1 utilizado para realizar cualquier tipo de comunicaci\u00f3n formal desde el Instituto. <\/strong>Por tal motivo, es importante que antes de enviar sus respuestas, <strong>verifiquen que los\u00a0datos sean correctos.\u00a0<\/strong> Luego de enviar el formulario, les llegar\u00e1 una copia de sus respuestas a la direcci\u00f3n de correo electr\u00f3nico que proporcionaron. Gu\u00e1rdenla. No tienen que imprimirla. Revisen bandeja de entrada y spam.<\/p>\n<p><span style=\"color: #000000;\"><strong><span style=\"color: #ff0000;\">\u00a1Importante!\u00a0<\/span><\/strong><\/span><\/p>\n<p><span style=\"color: #000000;\"><strong>La inscripci\u00f3n ser\u00e1 definitiva cuando les asignaremos un n\u00famero de legajo y les entreguemos una constancia de inscripci\u00f3n firmada y sellada por la instituci\u00f3n.<\/strong><\/span><\/p>\n<p><span style=\"color: #000000;\">No se inscribir\u00e1 a aspirantes que hayan sido condenados por delitos contra los Derechos Humanos o participado de acciones contra la estabilidad democr\u00e1tica o contra la integridad sexual.<\/span> <span style=\"color: #000000;\"><strong>\u00a0<\/strong><\/span><\/p>\n<p>&nbsp;<\/p>\n<h1 style=\"text-align: center;\">COMPLETAR FORMULARIO\u00a0 DE\u00a0 \u00a0 PRE-INSCRIPCI\u00d3N<\/h1>\n<h1 style=\"text-align: center;\">(<a href=\"https:\/\/forms.gle\/XJdDAoMSo7nR4aus5\">CLIC AQU\u00cd<\/a>)<\/h1>\n<p>&nbsp;<\/p>\n<p><span style=\"color: #008080;\"><strong>2- ENTREGA DE DOCUMENTACI\u00d3N<\/strong><\/span><\/p>\n<p><strong><span style=\"color: #000000;\">La documentaci\u00f3n se subir\u00e1 a trav\u00e9s de un formulario, enviaremos el link al correo que se registro en la pre &#8211; inscripci\u00f3n.<\/span><\/strong><\/p>\n<p><strong><span style=\"color: #000000;\">Todas las copias de la documentaci\u00f3n deben estar certificadas, pod\u00e9s realizar este tr\u00e1mite en: <\/span><\/strong><\/p>\n<ul>\n<li><span style=\"color: #000000;\">Juzgado de Paz <\/span><\/li>\n<li><span style=\"color: #000000;\">Escriban\u00eda <\/span><\/li>\n<li><span style=\"color: #000000;\">En nuestra instituci\u00f3n<\/span><\/li>\n<\/ul>\n<h5><span style=\"color: #000000;\">Una vez certificadas las copias: deber\u00e1s escanearlas o digitalizarlas para subirla al formulario que enviaremos en Febrero a tu correo para completar tu inscripci\u00f3n. Es importante que la imagen sea legible y completa, no se aceptar\u00e1 si est\u00e1 borrosa, pixelada o cortada.<\/span><\/h5>\n<h5><span style=\"color: #000000;\">La documentaci\u00f3n requerida es: <\/span><\/h5>\n<ul>\n<li><strong>Acta de Nacimiento<\/strong><\/li>\n<li><strong>DNI <\/strong>(frente y dorso)<\/li>\n<li><strong>T\u00edtulo Secundario completo<\/strong>\u00a0(frente y dorso) &#8211; No se aceptan fotocopias de Libro matriz.\n<ul>\n<li>En caso de no tener el T\u00edtulo Secundario<em>:\u00a0<\/em><strong><em>Certificado de T\u00edtulo en tr\u00e1mite\u00a0<\/em><\/strong>(ORIGINAL),<\/li>\n<li>Si adeuda materias,\u00a0<strong><em>Constancia de Finalizaci\u00f3n de estudios<\/em><\/strong>\u00a0(<span style=\"color: #000000;\">ORIGINAL<\/span>), que indique la cantidad de materias que adeuda<\/li>\n<\/ul>\n<\/li>\n<li><strong>Constancia de trabajo<\/strong> (para poder elegir y confirmar turno).<\/li>\n<\/ul>\n<p>&nbsp;<\/p>\n<h5><span style=\"color: #000000;\">Completar la ficha de datos personales y subirla al formulario que <\/span><span style=\"color: #000000;\">enviaremos en Febrero a tu correo, para completar tu inscripci\u00f3n<\/span><\/h5>\n<p><strong>Importante: <span style=\"color: #ff0000;\">NO SE REALIZAR\u00c1N INSCRIPCIONES CON DOCUMENTACI\u00d3N INCOMPLETA.\u00a0<\/span><\/strong><\/p>\n<p><strong>Estudiantes que ya abrieron legajo, pero NO CURSARON NINGUNA MATERIA:<\/strong> <span style=\"color: #ff0000;\"><span style=\"color: #000000;\">deber\u00e1n completar el Formulario de preinscripci\u00f3n 2025 y adjuntar la documentaci\u00f3n en formato <strong>digital<\/strong>.\u00a0<\/span><\/span><\/p>\n<p>&nbsp;<\/p>\n<p>&nbsp;<\/p>\n<hr \/>\n<p>&nbsp;<\/p>\n<p>&nbsp;<\/p>\n<hr \/>\n<h3><span style=\"color: #008080;\">Te compartimos materiales que te acompa\u00f1ar\u00e1n durante toda tu carrera:<\/span><\/h3>\n<p><img decoding=\"async\" loading=\"lazy\" class=\"alignnone size-full wp-image-814\" src=\"https:\/\/ifd12-nqn.infd.edu.ar\/sitio\/wp-content\/uploads\/2018\/07\/lapiz_verde.gif\" alt=\"\" width=\"21\" height=\"21\" \/> <a href=\"https:\/\/ifd12-nqn.infd.edu.ar\/sitio\/wp-content\/uploads\/sitio\/RAI_ifd_12_-final_Mayo_2016.pdf\">RAI (Reglamento Acad\u00e9mico Interno)<\/a><\/p>\n<p><img decoding=\"async\" loading=\"lazy\" class=\"alignnone size-full wp-image-814\" src=\"https:\/\/ifd12-nqn.infd.edu.ar\/sitio\/wp-content\/uploads\/2018\/07\/lapiz_verde.gif\" alt=\"\" width=\"21\" height=\"21\" \/> <a href=\"https:\/\/ifd12-nqn.infd.edu.ar\/sitio\/wp-content\/uploads\/sitio\/r_0661_14.pdf\">Resoluci\u00f3n_661\/14 R\u00e9gimen de Correlatividades<\/a><\/p>\n<p>&nbsp;<\/p>\n<p>&nbsp;<\/p>\n<hr \/>\n<pre><strong style=\"color: #008080; font-family: inherit; font-size: inherit;\">BREVE DESCRIPCI\u00d3N DE NUESTRAS CARRERAS<\/strong><\/pre>\n<ul>\n<li><a href=\"https:\/\/ifd12-nqn.infd.edu.ar\/sitio\/wp-content\/uploads\/2019\/06\/Plan-de-Estudios-639.pdf\">Plan de estudios Profesorado\u00a0en Educaci\u00f3n Primaria \u2013 PEP-<\/a><\/li>\n<li><a href=\"https:\/\/ifd12-nqn.infd.edu.ar\/sitio\/wp-content\/uploads\/2019\/06\/Plan-de-Estudios-640.pdf\">Plan de estudios Profesorado en Educaci\u00f3n Inicial\u00a0\u00a0\u00a0 \u00a0\u2013 PEI-<\/a><\/li>\n<\/ul>\n<p>Carreras de 4 (cuatro) a\u00f1os de duraci\u00f3n. T\u00edtulos con validez nacional. <img decoding=\"async\" loading=\"lazy\" class=\" wp-image-1815 alignright\" src=\"https:\/\/ifd12-nqn.infd.edu.ar\/sitio\/wp-content\/uploads\/2019\/10\/GUSTAVO-750x1000.jpg\" alt=\"\" width=\"493\" height=\"657\" srcset=\"https:\/\/ifd12-nqn.infd.edu.ar\/sitio\/wp-content\/uploads\/2019\/10\/GUSTAVO-750x1000.jpg 750w, https:\/\/ifd12-nqn.infd.edu.ar\/sitio\/wp-content\/uploads\/2019\/10\/GUSTAVO.jpg 768w\" sizes=\"(max-width: 493px) 100vw, 493px\" \/><\/p>\n<p>Primer a\u00f1o es com\u00fan a ambas carreras. En segundo a\u00f1o se elige la carrera de PEP o PEI.<\/p>\n<p>Hay espacios curriculares anuales y cuatrimestrales. Los espacios curriculares son asignaturas, m\u00f3dulos, seminarios y ateneos. Cada uno de ellos tiene caracter\u00edsticas particulares en el cursado y en la evaluaci\u00f3n. Pr\u00e1ctica es el espacio curricular central de las carreras. Se cursa en simult\u00e1neo con dos espacios cuatrimestrales o anuales.<\/p>\n<p><strong>Horarios de cursados:<\/strong><\/p>\n<p>\u2013\u00a0Turno Ma\u00f1ana: lunes a viernes de 8 a 14 hs.<\/p>\n<p>\u2013 Turno Tarde: lunes a viernes de 14 a 20 hs.<\/p>\n<p>&#8211; Turno vespertino: (horarios a confirmar)<\/p>\n<p>Los horarios pueden modificarse ocasionalmente para salidas especiales o concurrencia a actividades como, por ejemplo, pr\u00e1cticas a contraturno, visitas a instituciones, entre otras. En la inscripci\u00f3n el\/la aspirante solicita el turno seg\u00fan su preferencia y luego la Instituci\u00f3n organiza las comisiones dando prioridad a aquellos que presentaron certificado laboral.<\/p>\n<p><strong>Direcci\u00f3n:<\/strong> Gob. Anaya 295\u00a0(a la vuelta del Hosp. Bouquet Rold\u00e1n) <strong><a title=\"Ubicaci\u00f3n\" href=\"https:\/\/ifd12-nqn.infd.edu.ar\/sitio\/inscripciones-2019\/index.cgi?wid_item=12&amp;wid_seccion=1\" target=\"_blank\" rel=\"noopener\">Ver mapa de ubicaci\u00f3n del Instituto<\/a><\/strong><\/p>\n<p><strong>Mail de contacto:<\/strong> preceptoriaifd@gmail.com\u00a0<\/p>\n","protected":false},"excerpt":{"rendered":"<p>\u00a0 \u00a0 \u00a0 \u00a0 \u00a0 \u00a0 \u00a0 \u00a0 \u00a0 \u00a0 \u00a0 \u00a0 \u00a0 \u00a0 \u00a0 \u00a0 \u00a0 \u00a0 \u00a0 \u00a0 \u00a0 \u00a0 \u00a0 \u00a0 \u00a0 \u00a0 \u00a0 \u00a0 \u00a0 \u00a0 \u00a0 \u00a0 \u00a0 \u00a0 \u00a0 \u00a0 \u00a0 INGRESANTES 1\u00ba A\u00d1O 2026 &#8211; &nbsp; INSCRIPCIONES A TRAV\u00c9S DE LA P\u00c1GINA:\u00a0 A partir del 01\/12 \u00a0 PASO &#8230; <a title=\"Ingresantes 2026\" class=\"read-more\" href=\"https:\/\/ifd12-nqn.infd.edu.ar\/sitio\/https-ifd12-nqn-infd-edu-ar-sitio-inscripciones-2021\/\" aria-label=\"More on Ingresantes 2026\">[+]<\/a><\/p>\n","protected":false},"author":99,"featured_media":0,"parent":0,"menu_order":0,"comment_status":"closed","ping_status":"closed","template":"","meta":[],"acf":[],"_links":{"self":[{"href":"https:\/\/ifd12-nqn.infd.edu.ar\/sitio\/wp-json\/wp\/v2\/pages\/1374"}],"collection":[{"href":"https:\/\/ifd12-nqn.infd.edu.ar\/sitio\/wp-json\/wp\/v2\/pages"}],"about":[{"href":"https:\/\/ifd12-nqn.infd.edu.ar\/sitio\/wp-json\/wp\/v2\/types\/page"}],"author":[{"embeddable":true,"href":"https:\/\/ifd12-nqn.infd.edu.ar\/sitio\/wp-json\/wp\/v2\/users\/99"}],"replies":[{"embeddable":true,"href":"https:\/\/ifd12-nqn.infd.edu.ar\/sitio\/wp-json\/wp\/v2\/comments?post=1374"}],"version-history":[{"count":239,"href":"https:\/\/ifd12-nqn.infd.edu.ar\/sitio\/wp-json\/wp\/v2\/pages\/1374\/revisions"}],"predecessor-version":[{"id":3897,"href":"https:\/\/ifd12-nqn.infd.edu.ar\/sitio\/wp-json\/wp\/v2\/pages\/1374\/revisions\/3897"}],"wp:attachment":[{"href":"https:\/\/ifd12-nqn.infd.edu.ar\/sitio\/wp-json\/wp\/v2\/media?parent=1374"}],"curies":[{"name":"wp","href":"https:\/\/api.w.org\/{rel}","templated":true}]}}