{"id":1588,"date":"2019-04-08T11:26:33","date_gmt":"2019-04-08T14:26:33","guid":{"rendered":"https:\/\/ifd12-nqn.infd.edu.ar\/sitio\/?page_id=1588"},"modified":"2026-02-20T15:48:34","modified_gmt":"2026-02-20T18:48:34","slug":"pases","status":"publish","type":"page","link":"https:\/\/ifd12-nqn.infd.edu.ar\/sitio\/pases\/","title":{"rendered":"PASES 2026"},"content":{"rendered":"<h4><span style=\"color: #008080;\"><strong>Per\u00edodos de tramitaci\u00f3n 2026<\/strong><\/span><\/h4>\n<p><span style=\"color: #000000;\">Los Pases se tramitar\u00e1n en los meses de febrero-marzo y julio-agosto, durante las fechas establecidas por Calendario acad\u00e9mico.<\/span><\/p>\n<ul>\n<li><span style=\"color: #000000;\">1\u00ba cuatrimestre: 10\/02 al 10\/03<\/span><\/li>\n<li><span style=\"color: #000000;\">2\u00ba cuatrimestre: <span style=\"color: #ff0000;\">(a confirmar)<\/span><\/span><\/li>\n<li><span style=\"color: #000000;\">Por cambio de domicilio: durante todo el a\u00f1o<\/span><\/li>\n<\/ul>\n<hr \/>\n<h4><span style=\"color: #008080;\"><strong>1. PASES DE INGRESO A NUESTRA INSTITUCI\u00d3N<\/strong><\/span><\/h4>\n<p>Si cursaron espacios curriculares correspondientes al Profesorado de Educaci\u00f3n Inicial o Profesorado de Educaci\u00f3n Primaria en alg\u00fan instituto de la provincia de Neuqu\u00e9n (con mismo Plan de estudio) y les interesa solicitar pase a nuestro IFD, deber\u00e1n p<span style=\"font-size: inherit;\">resentar en Bedel\u00eda la siguiente <\/span>documentaci\u00f3n:<\/p>\n<ul>\n<li><b>Not<\/b><strong>a\u00a0de solicitud de vacante,<\/strong> dirigida a la Directora del ISFD 12<\/li>\n<li><strong>Rendimiento acad\u00e9mico<\/strong> de la instituci\u00f3n de origen (emitido por S.I.Un:Ed., firmado y sellado)<\/li>\n<li>Fotoc. de <strong>Acta de nacimiento<\/strong><\/li>\n<li>Fotoc. de <strong>DNI (frente y dorso)<\/strong><\/li>\n<li>Fotoc. de <strong>T\u00edtulo Secundario (frente y dorso)<\/strong><\/li>\n<li>1 folio tama\u00f1o oficio<\/li>\n<\/ul>\n<p>Una vez recibida la documentaci\u00f3n, evaluaremos si es pertinente el tr\u00e1mite y emitiremos una <strong>Constancia de vacante<\/strong>, que deber\u00e1n presentar en la instituci\u00f3n de origen.<\/p>\n<p><strong>IMPORTANTE:<\/strong><\/p>\n<ul>\n<li>Quienes ingresen con espacios curriculares sin calificaci\u00f3n deber\u00e1n rendir con el programa de examen de nuestra instituci\u00f3n.<\/li>\n<li>Quienes soliciten Pase al inicio del 2\u00b0 cuatrimestre deber\u00e1n recursar los espacios del campo de la Pr\u00e1ctica Docente.<\/li>\n<li>Si provienen de un Instituto de Formaci\u00f3n Docente de otra provincia deber\u00e1n tramitar equivalencias, ya que no se otorgan Pases fuera de la jurisdicci\u00f3n.<\/li>\n<\/ul>\n<hr \/>\n<h4><span style=\"color: #008080;\"><strong>2. PASES DESDE NUESTRO IFD A OTRO INSTITUTO (con mismo Plan de estudio)<\/strong><\/span><\/h4>\n<p>Si cursaron espacios curriculares correspondientes al Profesorado de Educaci\u00f3n Inicial o Primaria en nuestro instituto y solicitan pase a otro ISFD de la provincia (CON MISMO PLAN DE ESTUDIOS), deber\u00e1n presentar en Bedel\u00eda la siguiente <strong>documentaci\u00f3n:<\/strong><\/p>\n<ul>\n<li style=\"list-style-type: none;\">\n<ul>\n<li>N<strong>ota <\/strong>de solicitud de pase a otro instituto, consignando la raz\u00f3n. La misma deber\u00e1 estar dirigida a la Directora del ISFD 12 (<a href=\"https:\/\/ifd12-nqn.infd.edu.ar\/sitio\/wp-content\/uploads\/2023\/07\/Nota-Modelo-Pases.docx\">ver nota modelo aqu\u00ed<\/a>).<\/li>\n<li>Foto de <strong>DNI<\/strong> (frente y dorso).<\/li>\n<li><strong>Constancia de vacante<\/strong> firmada y sellada por la instituci\u00f3n de destino.<\/li>\n<\/ul>\n<\/li>\n<\/ul>\n","protected":false},"excerpt":{"rendered":"<p>Per\u00edodos de tramitaci\u00f3n 2026 Los Pases se tramitar\u00e1n en los meses de febrero-marzo y julio-agosto, durante las fechas establecidas por Calendario acad\u00e9mico. 1\u00ba cuatrimestre: 10\/02 al 10\/03 2\u00ba cuatrimestre: (a confirmar) Por cambio de domicilio: durante todo el a\u00f1o 1. PASES DE INGRESO A NUESTRA INSTITUCI\u00d3N Si cursaron espacios curriculares correspondientes al Profesorado de Educaci\u00f3n &#8230; <a title=\"PASES 2026\" class=\"read-more\" href=\"https:\/\/ifd12-nqn.infd.edu.ar\/sitio\/pases\/\" aria-label=\"More on PASES 2026\">[+]<\/a><\/p>\n","protected":false},"author":99,"featured_media":0,"parent":0,"menu_order":0,"comment_status":"closed","ping_status":"closed","template":"","meta":[],"acf":[],"_links":{"self":[{"href":"https:\/\/ifd12-nqn.infd.edu.ar\/sitio\/wp-json\/wp\/v2\/pages\/1588"}],"collection":[{"href":"https:\/\/ifd12-nqn.infd.edu.ar\/sitio\/wp-json\/wp\/v2\/pages"}],"about":[{"href":"https:\/\/ifd12-nqn.infd.edu.ar\/sitio\/wp-json\/wp\/v2\/types\/page"}],"author":[{"embeddable":true,"href":"https:\/\/ifd12-nqn.infd.edu.ar\/sitio\/wp-json\/wp\/v2\/users\/99"}],"replies":[{"embeddable":true,"href":"https:\/\/ifd12-nqn.infd.edu.ar\/sitio\/wp-json\/wp\/v2\/comments?post=1588"}],"version-history":[{"count":58,"href":"https:\/\/ifd12-nqn.infd.edu.ar\/sitio\/wp-json\/wp\/v2\/pages\/1588\/revisions"}],"predecessor-version":[{"id":3938,"href":"https:\/\/ifd12-nqn.infd.edu.ar\/sitio\/wp-json\/wp\/v2\/pages\/1588\/revisions\/3938"}],"wp:attachment":[{"href":"https:\/\/ifd12-nqn.infd.edu.ar\/sitio\/wp-json\/wp\/v2\/media?parent=1588"}],"curies":[{"name":"wp","href":"https:\/\/api.w.org\/{rel}","templated":true}]}}