{"id":1591,"date":"2019-04-08T11:38:55","date_gmt":"2019-04-08T14:38:55","guid":{"rendered":"https:\/\/ifd12-nqn.infd.edu.ar\/sitio\/?page_id=1591"},"modified":"2026-02-20T15:47:35","modified_gmt":"2026-02-20T18:47:35","slug":"equivalencias","status":"publish","type":"page","link":"https:\/\/ifd12-nqn.infd.edu.ar\/sitio\/equivalencias\/","title":{"rendered":"EQUIVALENCIAS"},"content":{"rendered":"\n<h5 class=\"wp-block-heading\"><\/h5>\n\n\n\n<p><strong>FECHA DE TRAMITACI\u00d3N: 10\/02 Al 20\/03<\/strong><\/p>\n\n\n<h5>\u00a0<\/h5>\n<p><span style=\"color: #000000;\">Si cursaron la misma carrera en otra provincia u otra carrera terciaria o universitaria en cualquier instituci\u00f3n, pueden iniciar el tr\u00e1mite para <strong>solicitar equivalencias<\/strong> siempre que tengan materias <em>acreditadas<\/em>, es decir, con nota num\u00e9rica. Para ello deber\u00e1n realizar los siguientes pasos:<\/span><\/p>\n<p><strong><span style=\"color: #008080;\">Paso 1: Abrir legajo <\/span><\/strong><span style=\"color: #000000;\"><span style=\"color: #ff6600;\"><strong><span style=\"color: #008080;\">en nuestra instituci\u00f3n<\/span><\/strong>.<\/span> Consultar requisitos y fechas en la secci\u00f3n <\/span><strong>\u00abIngresantes 2026\u00bb <\/strong>del men\u00fa principal.<\/p>\n<ul>\n<li style=\"list-style-type: none;\">\n<ul>\n<li><span style=\"color: #ff0000;\"><strong>Atenci\u00f3n: egresadas de nuestro Instituto deben abrir LEGAJO NUEVO.<\/strong>\u00a0<\/span><\/li>\n<\/ul>\n<\/li>\n<\/ul>\n<p><strong><span style=\"color: #008080;\">Paso 2: Presentar<\/span><\/strong><span style=\"color: #000000;\"><strong><span style=\"color: #008080;\"> la siguiente documentaci\u00f3n:<\/span><\/strong><\/span><\/p>\n<ul>\n<li><strong>\u00a0Nota<\/strong> dirigida a la Directora del IFD 12. <span style=\"color: #0000ff;\"><a style=\"color: #0000ff;\" href=\"https:\/\/drive.google.com\/open?id=11-1t4Onl8thiy7t_lMUqWtV4Us_OSkv-\">Ver Nota modelo (CLIC AQU\u00cd)<\/a><\/span><\/li>\n<li><strong>\u00a0Rendimiento acad\u00e9mico<\/strong>\u00a0o <strong>Anal\u00edtico<\/strong> de la instituci\u00f3n de origen (firmado y sellado)<\/li>\n<li><strong>\u00a0DNI<\/strong> (frente y dorso en una sola hoja)<\/li>\n<li><strong>\u00a0Plan de estudios<\/strong> de la carrera de origen<\/li>\n<li><strong style=\"font-size: inherit;\">Programas autenticados<\/strong><span style=\"font-size: inherit;\"> de las materias acreditadas en la instituci\u00f3n de origen<\/span><\/li>\n<\/ul>\n<p><strong>Importante: <\/strong>egresadas de Planes de estudio 395, 396, 639 o 640 no deber\u00e1n presentar programas para tramitar equivalencias.<\/p>\n<p>Si el tr\u00e1mite es pertinente, en el plazo de un mes, emitiremos un dictamen provisorio, avalado por un grupo de docentes y directivos, y les notificaremos el resultado.\u00a0En funci\u00f3n de las materias a<em>probadas por equivalencia<\/em> y teniendo en cuenta el <span style=\"color: #0000ff;\"><a style=\"color: #0000ff;\" href=\"https:\/\/ifd12-nqn.infd.edu.ar\/sitio\/normativa\/upload\/r_0661_14.pdf\">R\u00e9gimen de correlatividades<\/a><\/span>, deber\u00e1n efectuar el siguiente paso.<\/p>\n<p><strong><span style=\"color: #008080;\">Paso 3: Inscribirse en todos los espacios curriculares que van a cursar.<\/span><\/strong> Para ello deber\u00e1n ingresar en la secci\u00f3n \u00ab<strong>Cursados<\/strong>\u00bb del men\u00fa principal.<\/p>\n<p>La documentaci\u00f3n originada como consecuencia del pedido de equivalencias se remitir\u00e1 a la Direcci\u00f3n General Nivel Superior del Consejo Provincial de Educaci\u00f3n para la elaboraci\u00f3n de\u00a0una norma legal definitiva. El tr\u00e1mite finalizar\u00e1 cuando reciban una copia del Dictamen de equivalencias con n\u00famero de Disposici\u00f3n. Esta instancia puede demorar hasta un a\u00f1o.<\/p>\n<h5 style=\"text-align: left;\">\u00a0<\/h5>\n<hr \/>\n<h3 style=\"text-align: left;\"><span style=\"color: #008080;\"><strong>EQUIVALENCIAS INTERNAS<\/strong><\/span><\/h3>\n<p>A continuaci\u00f3n se detallan los espacios curriculares equivalentes entre las carreras <strong><span style=\"color: #008080;\">Profesorado de Educaci\u00f3n Primaria<\/span><\/strong> (Plan 395\/639) y <strong><span style=\"color: #008080;\">Profesorado de Educaci\u00f3n Inicial<\/span><\/strong> (Plan 396\/640):<\/p>\n<ol>\n<li>DID\u00c1CTICA GENERAL<\/li>\n<li>LECTURA, ESCRITURA Y ORALIDAD<\/li>\n<li>ESPACIO DE EXPERIMENTACI\u00d3N EST\u00c9TICO EXPRESIVA<\/li>\n<li>PR\u00c1CTICA I<\/li>\n<li>AN\u00c1LISIS DE LAS EXPERIENCIAS EN LAS DISCIPLINAS ESCOLARES<\/li>\n<li>CONSTITUCI\u00d3N DE LA SUBJETIVIDAD EN CONTEXTOS EDUCATIVOS<\/li>\n<li>ENFOQUE HIST\u00d3RICO POL\u00cdTICO DE LA EDUCACI\u00d3N ARGENTINA<\/li>\n<li>ESPACIO DE DEFINICI\u00d3N INSTITUCIONAL I<\/li>\n<li>ENFOQUE SOCIOCULTURAL DE LA EDUCACI\u00d3N<\/li>\n<li>CONOCIMIENTO<\/li>\n<li>INSTITUCIONES EDUCATIVAS<\/li>\n<li>ESPACIO DE DEFINICI\u00d3N INSTITUCIONAL II<\/li>\n<li>APRENDIZAJE<\/li>\n<li>NUEVAS TECNOLOG\u00cdAS<\/li>\n<li>PROBLEM\u00c1TICAS Y PERSPECTIVAS PEDAG\u00d3GICAS<\/li>\n<li>ESPACIO DE DEFINICI\u00d3N INSTITUCIONAL III<\/li>\n<li>DDHH: EDUCACI\u00d3N SEXUAL INTEGRAL Y RELACIONES DE G\u00c9NERO<\/li>\n<li>HISTORIA SOCIOPOL\u00cdTICA LATINOAMERICANA Y ARGENTINA<\/li>\n<li>DDHH: ED. INTERCULTURAL<\/li>\n<li>FILOSOF\u00cdA DE LA EDUCACI\u00d3N<\/li>\n<li>LEGISLACI\u00d3N EDUCATIVA Y DERECHOS LABORALES DOCENTES<\/li>\n<li>ESPACIO DE DEFINICI\u00d3N INSTITUCIONAL\u00a0 IV<\/li>\n<\/ol>\n\n\n<p><\/p>\n","protected":false},"excerpt":{"rendered":"<p>FECHA DE TRAMITACI\u00d3N: 10\/02 Al 20\/03 \u00a0 Si cursaron la misma carrera en otra provincia u otra carrera terciaria o universitaria en cualquier instituci\u00f3n, pueden iniciar el tr\u00e1mite para solicitar equivalencias siempre que tengan materias acreditadas, es decir, con nota num\u00e9rica. Para ello deber\u00e1n realizar los siguientes pasos: Paso 1: Abrir legajo en nuestra instituci\u00f3n. &#8230; <a title=\"EQUIVALENCIAS\" class=\"read-more\" href=\"https:\/\/ifd12-nqn.infd.edu.ar\/sitio\/equivalencias\/\" aria-label=\"More on EQUIVALENCIAS\">[+]<\/a><\/p>\n","protected":false},"author":99,"featured_media":0,"parent":0,"menu_order":0,"comment_status":"closed","ping_status":"closed","template":"","meta":[],"acf":[],"_links":{"self":[{"href":"https:\/\/ifd12-nqn.infd.edu.ar\/sitio\/wp-json\/wp\/v2\/pages\/1591"}],"collection":[{"href":"https:\/\/ifd12-nqn.infd.edu.ar\/sitio\/wp-json\/wp\/v2\/pages"}],"about":[{"href":"https:\/\/ifd12-nqn.infd.edu.ar\/sitio\/wp-json\/wp\/v2\/types\/page"}],"author":[{"embeddable":true,"href":"https:\/\/ifd12-nqn.infd.edu.ar\/sitio\/wp-json\/wp\/v2\/users\/99"}],"replies":[{"embeddable":true,"href":"https:\/\/ifd12-nqn.infd.edu.ar\/sitio\/wp-json\/wp\/v2\/comments?post=1591"}],"version-history":[{"count":58,"href":"https:\/\/ifd12-nqn.infd.edu.ar\/sitio\/wp-json\/wp\/v2\/pages\/1591\/revisions"}],"predecessor-version":[{"id":3937,"href":"https:\/\/ifd12-nqn.infd.edu.ar\/sitio\/wp-json\/wp\/v2\/pages\/1591\/revisions\/3937"}],"wp:attachment":[{"href":"https:\/\/ifd12-nqn.infd.edu.ar\/sitio\/wp-json\/wp\/v2\/media?parent=1591"}],"curies":[{"name":"wp","href":"https:\/\/api.w.org\/{rel}","templated":true}]}}