{"id":898,"date":"2018-07-03T12:47:15","date_gmt":"2018-07-03T15:47:15","guid":{"rendered":"https:\/\/ifd12-nqn.infd.edu.ar\/sitio\/secretaria-de-investigacion\/"},"modified":"2024-06-06T10:22:29","modified_gmt":"2024-06-06T13:22:29","slug":"secretaria-de-investigacion","status":"publish","type":"page","link":"https:\/\/ifd12-nqn.infd.edu.ar\/sitio\/secretaria-de-investigacion\/","title":{"rendered":"Secretar\u00eda de Investigaci\u00f3n"},"content":{"rendered":"\n<p>En el siguiente link podr\u00e1n encontrar para su lectura, todos los proyectos de extensi\u00f3n e investigaci\u00f3n presentados por el momento para el ciclo 2024<\/p>\n\n\n\n<p><a href=\"https:\/\/padlet.com\/extensionisfd12\/proyectos-de-extensi-n-e-investigaci-n-i-s-f-d-12-2024-dcklfgyb1lv5aajl\">https:\/\/padlet.com\/extensionisfd12\/proyectos-de-extensi-n-e-investigaci-n-i-s-f-d-12-2024-dcklfgyb1lv5aajl<\/a><\/p>\n","protected":false},"excerpt":{"rendered":"<p>En el siguiente link podr\u00e1n encontrar para su lectura, todos los proyectos de extensi\u00f3n e investigaci\u00f3n presentados por el momento para el ciclo 2024 https:\/\/padlet.com\/extensionisfd12\/proyectos-de-extensi-n-e-investigaci-n-i-s-f-d-12-2024-dcklfgyb1lv5aajl<\/p>\n","protected":false},"author":1452,"featured_media":0,"parent":0,"menu_order":0,"comment_status":"closed","ping_status":"closed","template":"","meta":[],"acf":[],"_links":{"self":[{"href":"https:\/\/ifd12-nqn.infd.edu.ar\/sitio\/wp-json\/wp\/v2\/pages\/898"}],"collection":[{"href":"https:\/\/ifd12-nqn.infd.edu.ar\/sitio\/wp-json\/wp\/v2\/pages"}],"about":[{"href":"https:\/\/ifd12-nqn.infd.edu.ar\/sitio\/wp-json\/wp\/v2\/types\/page"}],"author":[{"embeddable":true,"href":"https:\/\/ifd12-nqn.infd.edu.ar\/sitio\/wp-json\/wp\/v2\/users\/1452"}],"replies":[{"embeddable":true,"href":"https:\/\/ifd12-nqn.infd.edu.ar\/sitio\/wp-json\/wp\/v2\/comments?post=898"}],"version-history":[{"count":5,"href":"https:\/\/ifd12-nqn.infd.edu.ar\/sitio\/wp-json\/wp\/v2\/pages\/898\/revisions"}],"predecessor-version":[{"id":3568,"href":"https:\/\/ifd12-nqn.infd.edu.ar\/sitio\/wp-json\/wp\/v2\/pages\/898\/revisions\/3568"}],"wp:attachment":[{"href":"https:\/\/ifd12-nqn.infd.edu.ar\/sitio\/wp-json\/wp\/v2\/media?parent=898"}],"curies":[{"name":"wp","href":"https:\/\/api.w.org\/{rel}","templated":true}]}}