{"id":903,"date":"2018-07-03T12:47:17","date_gmt":"2018-07-03T15:47:17","guid":{"rendered":"https:\/\/ifd12-nqn.infd.edu.ar\/sitio\/inscripcion-mesas-de-examen-mes-de-junio-2018\/"},"modified":"2026-04-08T14:26:44","modified_gmt":"2026-04-08T17:26:44","slug":"inscripcion-examenes","status":"publish","type":"page","link":"https:\/\/ifd12-nqn.infd.edu.ar\/sitio\/inscripcion-examenes\/","title":{"rendered":"TURNOS DE EXAMEN"},"content":{"rendered":"\n<p><\/p>\n\n\n<h5>\u00a0<\/h5>\n<h2>IMPORTANTE<\/h2>\n<p>\u00a0<\/p>\n<h2><span style=\"color: #999999;\"><strong><span style=\"color: #008080;\"><img decoding=\"async\" loading=\"lazy\" class=\"alignnone size-full wp-image-814\" src=\"https:\/\/ifd12-nqn.infd.edu.ar\/sitio\/wp-content\/uploads\/2018\/07\/lapiz_verde.gif\" alt=\"\" width=\"21\" height=\"21\" \/> MESAS DE EXAMEN ABRIL 13 al 16\/04<\/span><\/strong><\/span><\/h2>\n<p>\u00a0<\/p>\n<h4><strong>CRONOGRAMA DE MESAS: Click <a href=\"https:\/\/ifd12-nqn.infd.edu.ar\/sitio\/wp-content\/uploads\/2026\/04\/Mesa-Exa\u0301menes-Abril-2026.pdf\" data-wplink-edit=\"true\">aqu\u00ed<\/a> Cronograma mesas<\/strong><\/h4>\n<p>\u00a0<\/p>\n<p><span style=\"font-size: inherit; color: #000000;\">\u00a0Los <\/span><strong style=\"font-size: inherit; color: #000000;\">Formularios de inscripci\u00f3n online <\/strong><span style=\"font-size: inherit; color: #000000;\">se habilitar\u00e1n durante el per\u00edodo establecido. Podr\u00e1n acceder a ellos haciendo click en los siguientes enlaces seg\u00fan a\u00f1o\/carrera:<\/span><\/p>\n<p><img decoding=\"async\" loading=\"lazy\" class=\"alignnone  wp-image-2925\" src=\"https:\/\/ifd12-nqn.infd.edu.ar\/sitio\/wp-content\/uploads\/2021\/08\/flecha.gif\" alt=\"\" width=\"100\" height=\"100\" \/><span style=\"color: #ff0000;\">Atenci\u00f3n! LA INSCRIPCI\u00d3N ES SOLO PARA MESA DE EXAMEN (NO COLOQUIOS)\u00a0 <\/span><\/p>\n<p><span style=\"color: #ff0000;\">Revisar atentamente las respuestas antes de enviar: s\u00f3lo podr\u00e1n <\/span><span style=\"color: #ff0000;\"><strong>completar un formulario por a\u00f1o:<\/strong><\/span><\/p>\n<p><span style=\"color: #808080;\"><span style=\"color: #0000ff;\">1\u00baA\u00d1O <a href=\"https:\/\/forms.gle\/jQYtkAf1P4PbuSXj7\">(click)<\/a><\/span><\/span><\/p>\n<p><span style=\"color: #0000ff;\">2\u00ba PEP <a href=\"https:\/\/forms.gle\/nrvmPiyj6Bvp13WC7\">(click)<\/a><\/span><\/p>\n<p><span style=\"color: #0000ff;\">2\u00ba PEI <a href=\"https:\/\/forms.gle\/xyKUNnMNtVE1ozeB8\">(click)<\/a><\/span><\/p>\n<p><span style=\"color: #0000ff;\">3\u00ba PEP <a href=\"https:\/\/forms.gle\/vNrXvSoKUCuhwYPFA\">(click)<\/a><\/span><\/p>\n<p><span style=\"color: #0000ff;\">3\u00ba PEI <a href=\"https:\/\/forms.gle\/ChxyJtQeJ83aCdXD7\">(click)<\/a><\/span><\/p>\n<p><span style=\"color: #0000ff;\">4\u00ba A\u00d1O <a href=\"https:\/\/forms.gle\/6gKLRUT6Z8zWevqE8\">(click)<\/a><\/span><\/p>\n<p><span style=\"color: #0000ff;\">ESI (PEI\/PEP) <a href=\"https:\/\/forms.gle\/XS3KY2vB2Nmw5eyn9\">(click)<\/a><\/span><\/p>\n<h4>CLASES DE CONSULTA\u00a0<a href=\"https:\/\/padlet.com\/secretariaacademicaisfd\/clases-de-consulta-3n7tp3cxvejzv7a0\" target=\"_blank\" rel=\"noopener\">Click aqu\u00ed<\/a><\/h4>\n<hr \/>\n\n\n<div class=\"wp-block-file\"><a href=\"blob:https:\/\/ifd12-nqn.infd.edu.ar\/3a776634-2201-4ee8-a230-1a0cc8a59959\" class=\"wp-block-file__button wp-element-button\" download><\/a><\/div>\n\n\n\n<div class=\"wp-block-columns is-layout-flex wp-container-2\">\n<div class=\"wp-block-column is-layout-flow\" style=\"flex-basis:100%\"><\/div>\n<\/div>\n\n\n\n\n\n\n\n\n\n\n\n<figure class=\"wp-block-image\"><img alt=\"\"\/><\/figure>\n","protected":false},"excerpt":{"rendered":"<p>\u00a0 IMPORTANTE \u00a0 MESAS DE EXAMEN ABRIL 13 al 16\/04 \u00a0 CRONOGRAMA DE MESAS: Click aqu\u00ed Cronograma mesas \u00a0 \u00a0Los Formularios de inscripci\u00f3n online se habilitar\u00e1n durante el per\u00edodo establecido. Podr\u00e1n acceder a ellos haciendo click en los siguientes enlaces seg\u00fan a\u00f1o\/carrera: Atenci\u00f3n! LA INSCRIPCI\u00d3N ES SOLO PARA MESA DE EXAMEN (NO COLOQUIOS)\u00a0 Revisar atentamente &#8230; <a title=\"TURNOS DE EXAMEN\" class=\"read-more\" href=\"https:\/\/ifd12-nqn.infd.edu.ar\/sitio\/inscripcion-examenes\/\" aria-label=\"More on TURNOS DE EXAMEN\">[+]<\/a><\/p>\n","protected":false},"author":1452,"featured_media":0,"parent":0,"menu_order":0,"comment_status":"closed","ping_status":"closed","template":"","meta":[],"acf":[],"_links":{"self":[{"href":"https:\/\/ifd12-nqn.infd.edu.ar\/sitio\/wp-json\/wp\/v2\/pages\/903"}],"collection":[{"href":"https:\/\/ifd12-nqn.infd.edu.ar\/sitio\/wp-json\/wp\/v2\/pages"}],"about":[{"href":"https:\/\/ifd12-nqn.infd.edu.ar\/sitio\/wp-json\/wp\/v2\/types\/page"}],"author":[{"embeddable":true,"href":"https:\/\/ifd12-nqn.infd.edu.ar\/sitio\/wp-json\/wp\/v2\/users\/1452"}],"replies":[{"embeddable":true,"href":"https:\/\/ifd12-nqn.infd.edu.ar\/sitio\/wp-json\/wp\/v2\/comments?post=903"}],"version-history":[{"count":305,"href":"https:\/\/ifd12-nqn.infd.edu.ar\/sitio\/wp-json\/wp\/v2\/pages\/903\/revisions"}],"predecessor-version":[{"id":4010,"href":"https:\/\/ifd12-nqn.infd.edu.ar\/sitio\/wp-json\/wp\/v2\/pages\/903\/revisions\/4010"}],"wp:attachment":[{"href":"https:\/\/ifd12-nqn.infd.edu.ar\/sitio\/wp-json\/wp\/v2\/media?parent=903"}],"curies":[{"name":"wp","href":"https:\/\/api.w.org\/{rel}","templated":true}]}}