{"id":905,"date":"2018-07-03T12:47:18","date_gmt":"2018-07-03T15:47:18","guid":{"rendered":"https:\/\/ifd12-nqn.infd.edu.ar\/sitio\/consultas-por-uso-de-plataforma-virtual\/"},"modified":"2025-05-06T11:44:39","modified_gmt":"2025-05-06T14:44:39","slug":"consultas-por-uso-de-plataforma-virtual","status":"publish","type":"page","link":"https:\/\/ifd12-nqn.infd.edu.ar\/sitio\/consultas-por-uso-de-plataforma-virtual\/","title":{"rendered":""},"content":{"rendered":"\n<p><\/p>\n\n\n\n<h2 class=\"wp-block-heading\">Preguntas frecuentes\/Tutoriales<\/h2>\n\n\n\n<ul>\n<li>Tutoriales de uso com\u00fan\n<ul>\n<li><a href=\"https:\/\/docs.google.com\/document\/d\/18tVr94OkMeoZ_bOBM7vx0S1DvsXJFp6xQSTfCzt-fRA\/edit?usp=drive_link\" target=\"_blank\" rel=\"noreferrer noopener\">Como ingreso al aula virtual<\/a><\/li>\n\n\n\n<li><a href=\"https:\/\/docs.google.com\/document\/d\/1lJZmRaa6fXJovzsdH_qEYZTW0iPpNsL-0TWoSQgX9VU\/edit?usp=drive_link\" target=\"_blank\" rel=\"noreferrer noopener\">No recuerdo mis datos de ingreso a la plataforma<\/a><\/li>\n\n\n\n<li><a href=\"https:\/\/docs.google.com\/document\/d\/12CmWE8s2crkh2r12jKJBs9p3bECwwtu6qA7tzWhHwkM\/edit?usp=drive_link\" target=\"_blank\" rel=\"noreferrer noopener\">Necesito cambiar el mail que tengo en la plataforma<\/a><\/li>\n\n\n\n<li><a href=\"https:\/\/docs.google.com\/document\/d\/1B_K1YOEGLU0sXzRqXPZ3KlNlilkOZMne7t0UAYbEbfA\/edit?usp=drive_link\" target=\"_blank\" rel=\"noreferrer noopener\">Como ingreso al material de estudio dentro del aula<\/a> <\/li>\n<\/ul>\n<\/li>\n\n\n\n<li>Tutoriales para docentes\n<ul>\n<li><a rel=\"noreferrer noopener\" href=\"https:\/\/docs.google.com\/presentation\/d\/1TGi1uA9sdU4fdEVqLUpZadRuR1u_gT_xvIuENHockXQ\/edit?usp=sharing\" target=\"_blank\">Como cargo uno o mas estudiantes a mi aula<\/a><\/li>\n<\/ul>\n<\/li>\n\n\n\n<li>Videos Recomendados\n\n\n<ul>\n<li><a href=\"https:\/\/www.youtube.com\/watch?v=deD_3hkUbTE&amp;list=LL&amp;index=105\" target=\"_blank\" rel=\"noreferrer noopener\">Como crear una clase<\/a><\/li>\n\n\n\n<li><a href=\"https:\/\/www.youtube.com\/watch?v=YLAaFGqlsAQ&amp;list=LL&amp;index=31&amp;t=2s\" target=\"_blank\" rel=\"noreferrer noopener\">Como crear una clase (otra explicaci\u00f3n)<\/a>\n<ul>\n<li><a href=\"https:\/\/www.youtube.com\/watch?v=X7rHVhbVVZQ\" target=\"_blank\" rel=\"noreferrer noopener\">Como armar un foro<\/a><\/li>\n\n\n\n<li><a href=\"https:\/\/www.youtube.com\/watch?v=mzl8jGqq7l4\" target=\"_blank\" rel=\"noreferrer noopener\">Insertar material de estudio<\/a><\/li>\n\n\n\n<li><a href=\"https:\/\/www.youtube.com\/watch?v=U5jZguy-P64\" target=\"_blank\" rel=\"noreferrer noopener\">Insertar texto<\/a><\/li>\n<\/ul>\n<\/li>\n\n\n\n<li><a href=\"https:\/\/www.youtube.com\/watch?v=MK3jsA52qgM&amp;list=LL&amp;index=131\" target=\"_blank\" rel=\"noreferrer noopener\">Como comunicarme con mis estudiantes<\/a><\/li>\n\n\n\n<li><a href=\"https:\/\/www.youtube.com\/watch?v=MvTgHO1lbX4&amp;list=LL&amp;index=21\" target=\"_blank\" rel=\"noreferrer noopener\">Como crear una actividad<\/a><\/li>\n\n\n\n<li>Como crear una actividad (otra explicaci\u00f3n)\n<ul>\n<li><a href=\"https:\/\/www.youtube.com\/watch?v=jPYWBYwYjhc\" target=\"_blank\" rel=\"noreferrer noopener\">Parte 1<\/a><\/li>\n\n\n\n<li><a href=\"https:\/\/www.youtube.com\/watch?v=KHW15giKJmo\" target=\"_blank\" rel=\"noreferrer noopener\">Parte 2<\/a><\/li>\n\n\n\n<li><a href=\"https:\/\/www.youtube.com\/watch?v=csD8HizzOVw\" target=\"_blank\" rel=\"noreferrer noopener\">Parte 3<\/a><\/li>\n<\/ul>\n<\/li>\n\n\n\n<li><a href=\"https:\/\/www.youtube.com\/watch?v=gjkp8-E72bM&amp;list=LL&amp;index\" target=\"_blank\" rel=\"noreferrer noopener\">Como crear un foro (otra explicaci\u00f3n)<\/a><\/li>\n<\/ul>\n\n\n\n<ul>\n<li><a rel=\"noreferrer noopener\" href=\"https:\/\/www.youtube.com\/watch?v=r5db1IDXoMc&amp;list=LL&amp;index=101&amp;t\" target=\"_blank\">Como subir archivos<\/a><br><\/li>\n<\/ul>\n<\/li>\n<\/ul>\n\n\n\n<hr class=\"wp-block-separator has-alpha-channel-opacity\"\/>\n\n\n\n<h2 class=\"wp-block-heading\">Consultas por uso del Campus virtual<\/h2>\n\n\n<p>Por consultas de ingreso al Campus del IFD 12 (ya sean docentes o estudiantes), deber\u00e1n enviar un correo a<strong> fretae.ifd12<span class=\"qu\" tabindex=\"-1\" role=\"gridcell\"><span class=\"go\">@gmail.com<br><\/span><\/span><\/strong>detallando: DNI+NOMBRES +APELLIDOS+E-MAIL+ SI SON DOCENTES O ESTUDIANTES+ CARRERA+A\u00d1O+ CONSULTA.<br>Por favor, les pedimos que en la redacci\u00f3n nos cuenten cu\u00e1l es el problema o situaci\u00f3n con la mayor precisi\u00f3n posible, as\u00ed podemos ayudarles.<\/p>\n<section id=\"content2-i\" class=\"mbr-section article content1 cid-s1ZImJRVO0\">\n<div class=\"container\">\n<div class=\"media-container-row\">\n<div class=\"mbr-text col-12 col-md-8 mbr-fonts-style display-7\">&nbsp;<\/div>\n<\/div>\n<\/div>\n<\/section>","protected":false},"excerpt":{"rendered":"<p>Preguntas frecuentes\/Tutoriales Consultas por uso del Campus virtual Por consultas de ingreso al Campus del IFD 12 (ya sean docentes o estudiantes), deber\u00e1n enviar un correo a fretae.ifd12@gmail.comdetallando: DNI+NOMBRES +APELLIDOS+E-MAIL+ SI SON DOCENTES O ESTUDIANTES+ CARRERA+A\u00d1O+ CONSULTA.Por favor, les pedimos que en la redacci\u00f3n nos cuenten cu\u00e1l es el problema o situaci\u00f3n con la mayor &#8230; <a title=\"\" class=\"read-more\" href=\"https:\/\/ifd12-nqn.infd.edu.ar\/sitio\/consultas-por-uso-de-plataforma-virtual\/\" aria-label=\"More on \">[+]<\/a><\/p>\n","protected":false},"author":1452,"featured_media":0,"parent":0,"menu_order":0,"comment_status":"closed","ping_status":"closed","template":"","meta":[],"acf":[],"_links":{"self":[{"href":"https:\/\/ifd12-nqn.infd.edu.ar\/sitio\/wp-json\/wp\/v2\/pages\/905"}],"collection":[{"href":"https:\/\/ifd12-nqn.infd.edu.ar\/sitio\/wp-json\/wp\/v2\/pages"}],"about":[{"href":"https:\/\/ifd12-nqn.infd.edu.ar\/sitio\/wp-json\/wp\/v2\/types\/page"}],"author":[{"embeddable":true,"href":"https:\/\/ifd12-nqn.infd.edu.ar\/sitio\/wp-json\/wp\/v2\/users\/1452"}],"replies":[{"embeddable":true,"href":"https:\/\/ifd12-nqn.infd.edu.ar\/sitio\/wp-json\/wp\/v2\/comments?post=905"}],"version-history":[{"count":13,"href":"https:\/\/ifd12-nqn.infd.edu.ar\/sitio\/wp-json\/wp\/v2\/pages\/905\/revisions"}],"predecessor-version":[{"id":3809,"href":"https:\/\/ifd12-nqn.infd.edu.ar\/sitio\/wp-json\/wp\/v2\/pages\/905\/revisions\/3809"}],"wp:attachment":[{"href":"https:\/\/ifd12-nqn.infd.edu.ar\/sitio\/wp-json\/wp\/v2\/media?parent=905"}],"curies":[{"name":"wp","href":"https:\/\/api.w.org\/{rel}","templated":true}]}}