{"id":939,"date":"2018-07-03T12:47:33","date_gmt":"2018-07-03T15:47:33","guid":{"rendered":"https:\/\/ifd12-nqn.infd.edu.ar\/sitio\/contactenos\/"},"modified":"2019-04-15T17:37:43","modified_gmt":"2019-04-15T20:37:43","slug":"contactenos","status":"publish","type":"page","link":"https:\/\/ifd12-nqn.infd.edu.ar\/sitio\/contactenos\/","title":{"rendered":"Cont\u00e1ctenos"},"content":{"rendered":"<p><span style=\"font-size: 10pt; font-family: arial, helvetica, sans-serif;\"><strong>Correo electr\u00f3nico<\/strong><\/span><\/p>\n<p style=\"padding-left: 30px;\"><span style=\"font-family: arial, helvetica, sans-serif; font-size: 10pt;\">Contacto institucional: ifd12nt@gmail.com<\/span><\/p>\n<p style=\"padding-left: 30px;\"><span style=\"font-family: arial, helvetica, sans-serif; font-size: 10pt;\">Preceptor\u00eda: preceptoriaifd@gmail.com<\/span><\/p>\n<p style=\"padding-left: 30px;\"><span style=\"font-family: arial, helvetica, sans-serif; font-size: 10pt;\">Noticias IFDn\u00b0 12:\u00a0<\/span><span style=\"font-family: arial, helvetica, sans-serif; font-size: 10pt;\">prensaifd12@gmail<\/span><\/p>\n<p style=\"padding-left: 30px;\"><span style=\"font-family: arial, helvetica, sans-serif; font-size: 10pt;\">Coordinaci\u00f3n de Asunos Estudiantiles:coasesifd12@hotmail.com<\/span><\/p>\n<p style=\"padding-left: 30px;\"><img decoding=\"async\" loading=\"lazy\" style=\"vertical-align: text-top;\" src=\"http:\/\/www.rionegro.com.ar\/diario\/funciones\/binario\/imagen.aspx?idart=7958450&amp;idcat=9701&amp;idcon=6380855&amp;resolucion=0&amp;tipo=2\" width=\"400\" height=\"297\" border=\"0\" \/><\/p>\n<p><span style=\"font-size: 10pt; font-family: arial, helvetica, sans-serif;\"><strong>Tel\u00e9fonos:<\/strong><\/span><\/p>\n<p style=\"padding-left: 30px;\"><span style=\"font-size: 10pt; font-family: arial, helvetica, sans-serif;\">Secretar\u00eda:\u00a0 \u00a0 \u00a0 \u00a0 \u00a0 \u00a0 \u00a00299 4487640<\/span><\/p>\n<p style=\"padding-left: 30px;\"><span style=\"font-size: 10pt; font-family: arial, helvetica, sans-serif;\">Preceptor\u00eda: 0299 4473134<\/span><\/p>\n<p><span style=\"font-size: 10pt; font-family: arial, helvetica, sans-serif;\"><strong>Direcci\u00f3n:<\/strong><\/span><\/p>\n<p style=\"padding-left: 30px;\"><span style=\"font-size: 10pt; font-family: arial, helvetica, sans-serif;\">Gobernador Anaya 295 (8300) Neuqu\u00e9n<\/span><\/p>\n<p><span style=\"font-size: 10pt; font-family: arial, helvetica, sans-serif;\">\u00a0<\/span><\/p>\n","protected":false},"excerpt":{"rendered":"<p>Correo electr\u00f3nico Contacto institucional: ifd12nt@gmail.com Preceptor\u00eda: preceptoriaifd@gmail.com Noticias IFDn\u00b0 12:\u00a0prensaifd12@gmail Coordinaci\u00f3n de Asunos Estudiantiles:coasesifd12@hotmail.com Tel\u00e9fonos: Secretar\u00eda:\u00a0 \u00a0 \u00a0 \u00a0 \u00a0 \u00a0 \u00a00299 4487640 Preceptor\u00eda: 0299 4473134 Direcci\u00f3n: Gobernador Anaya 295 (8300) Neuqu\u00e9n \u00a0<\/p>\n","protected":false},"author":1452,"featured_media":0,"parent":0,"menu_order":0,"comment_status":"closed","ping_status":"closed","template":"","meta":[],"acf":[],"_links":{"self":[{"href":"https:\/\/ifd12-nqn.infd.edu.ar\/sitio\/wp-json\/wp\/v2\/pages\/939"}],"collection":[{"href":"https:\/\/ifd12-nqn.infd.edu.ar\/sitio\/wp-json\/wp\/v2\/pages"}],"about":[{"href":"https:\/\/ifd12-nqn.infd.edu.ar\/sitio\/wp-json\/wp\/v2\/types\/page"}],"author":[{"embeddable":true,"href":"https:\/\/ifd12-nqn.infd.edu.ar\/sitio\/wp-json\/wp\/v2\/users\/1452"}],"replies":[{"embeddable":true,"href":"https:\/\/ifd12-nqn.infd.edu.ar\/sitio\/wp-json\/wp\/v2\/comments?post=939"}],"version-history":[{"count":3,"href":"https:\/\/ifd12-nqn.infd.edu.ar\/sitio\/wp-json\/wp\/v2\/pages\/939\/revisions"}],"predecessor-version":[{"id":1673,"href":"https:\/\/ifd12-nqn.infd.edu.ar\/sitio\/wp-json\/wp\/v2\/pages\/939\/revisions\/1673"}],"wp:attachment":[{"href":"https:\/\/ifd12-nqn.infd.edu.ar\/sitio\/wp-json\/wp\/v2\/media?parent=939"}],"curies":[{"name":"wp","href":"https:\/\/api.w.org\/{rel}","templated":true}]}}