{"id":943,"date":"2018-07-03T12:47:34","date_gmt":"2018-07-03T15:47:34","guid":{"rendered":"https:\/\/ifd12-nqn.infd.edu.ar\/sitio\/normativa\/"},"modified":"2025-12-16T10:22:59","modified_gmt":"2025-12-16T13:22:59","slug":"normativa","status":"publish","type":"page","link":"https:\/\/ifd12-nqn.infd.edu.ar\/sitio\/normativa\/","title":{"rendered":"Normativa"},"content":{"rendered":"<ul>\n<li><a title=\"INSTITUTO DE FORMACI\u00d3N DOCENTE N\u00ba 12 R\u00c9GIMEN ACAD\u00c9MICO INSTITUCIONAL 2016\" href=\"https:\/\/drive.google.com\/file\/d\/1H4ck5JpBuSKuzgBq2A_mSMMzkkZ-9A1m\/view?usp=sharing\">R\u00c9GIMEN ACAD\u00c9MICO INSTITUCIONAL (RAI) 2016<\/a><\/li>\n<li><a title=\"R\u00e9gimen de Correlatividades Res. 661\/14\" href=\"https:\/\/drive.google.com\/file\/d\/1Wwo-bzJr7aoYfAuKibfQigOpY57lrbJW\/view?usp=sharing\" target=\"_blank\" rel=\"noopener\">R\u00e9gimen de Correlatividades &#8211; Resoluci\u00f3n 661\/14<\/a><\/li>\n<li><a href=\"https:\/\/ifd12-nqn.infd.edu.ar\/sitio\/wp-content\/uploads\/2018\/11\/CRITERIOS-DE-ACREDITACI\u00d3N-INSTITUCIONAL-NORMA-N\u00b0661-.pdf\">Criterios Institucionales de acreditaci\u00f3n de Residencia I y II (Norma 661)<\/a><\/li>\n<li><a title=\"ROM Resoluci\u00f3n 1063\/13\" href=\"https:\/\/drive.google.com\/file\/d\/1HWvzc4WDyMVCEiCh9E9UUsIKgj-IYbf7\/view?usp=sharing\" target=\"_blank\" rel=\"noopener\">ROM-Resoluci\u00f3n CPE N\u00ba 1063\/13\u00a0<\/a><\/li>\n<li><a href=\"https:\/\/ifd12-nqn.infd.edu.ar\/sitio\/wp-content\/uploads\/2018\/09\/Disposicin-N-0314-Reglamento-de-Practicas-Residencias.pdf\">Reglamento de Pr\u00e1cticas-Residencias (Disposici\u00f3n N\u00b0031\/13)<\/a><\/li>\n<li><a href=\"https:\/\/ifd12-nqn.infd.edu.ar\/sitio\/wp-content\/uploads\/2019\/06\/Licencia-para-Pr\u00e1cticas-y-Residencias.pdf\">Licencia para Pr\u00e1cticas y Residencias<\/a><\/li>\n<li><a title=\"R\u00e9gimen electoral y reglamento de pr\u00e1cticas resoluci\u00f3n 1697\/13\" href=\"upload\/r_1697_13.pdf\" target=\"_blank\" rel=\"noopener\">Reglamento General\u00a0 de Pr\u00e1cticas y Residencias- Resoluci\u00f3n CPE N\u00ba 1697\/13<\/a><\/li>\n<li><a title=\"Regimen de inasistencia para estudiantes por Maternidad\" href=\"upload\/maternidad_estudiantes.docx\" target=\"_blank\" rel=\"noopener\">R\u00e9gimen de inasistencias justificadas por Maternidad\u00a0<\/a><\/li>\n<li><a href=\"https:\/\/es.calameo.com\/read\/005419536caa781817808\">Contenido de sororidad<\/a><\/li>\n<li><a href=\"https:\/\/ifd12-nqn.infd.edu.ar\/sitio\/wp-content\/uploads\/2019\/08\/DISPOSICION-NRO.-004-lenguaje-inclusivo.pdf\">Disposici\u00f3n CPI 004\/19 \u00abLenguaje Inclusivo\u00bb<\/a><\/li>\n<li><a href=\"file:\/\/\/C:\/Users\/User\/Downloads\/ley_26743_identidad_de_genero.pdf\">LEY 26743 Ley de Identidad de G\u00e9nero<\/a><\/li>\n<li><a href=\"file:\/\/\/C:\/Users\/User\/Downloads\/Res.%20Prov.%201320-18%20-%20IDENTIDAD%20DE%20GENERO.pdf\">Resoluci\u00f3n Provincial 1320\/18 de Identidad de G\u00e9nero<\/a><\/li>\n<li><a href=\"https:\/\/drive.google.com\/file\/d\/1gzD_Zz9AuXycghXARKGyWdNlnyt4wJzo\/view?usp=sharing\">Dise\u00f1o Curricular del Profesorado de Educaci\u00f3n Inicial\u00a0<\/a><\/li>\n<\/ul>\n<p><a href=\"upload\/r_1697_13.pdf\" target=\"_blank\" rel=\"noopener\"><img decoding=\"async\" title=\"Frente del ifd 12\" src=\"https:\/\/ifd12-nqn.infd.edu.ar\/sitio\/wp-content\/uploads\/2018\/07\/frenteIFD12_2.jpg\" alt=\"Frente del ifd 12\" border=\"0\" \/>\u00a0<\/a><\/p>\n","protected":false},"excerpt":{"rendered":"<p>R\u00c9GIMEN ACAD\u00c9MICO INSTITUCIONAL (RAI) 2016 R\u00e9gimen de Correlatividades &#8211; Resoluci\u00f3n 661\/14 Criterios Institucionales de acreditaci\u00f3n de Residencia I y II (Norma 661) ROM-Resoluci\u00f3n CPE N\u00ba 1063\/13\u00a0 Reglamento de Pr\u00e1cticas-Residencias (Disposici\u00f3n N\u00b0031\/13) Licencia para Pr\u00e1cticas y Residencias Reglamento General\u00a0 de Pr\u00e1cticas y Residencias- Resoluci\u00f3n CPE N\u00ba 1697\/13 R\u00e9gimen de inasistencias justificadas por Maternidad\u00a0 Contenido de sororidad &#8230; <a title=\"Normativa\" class=\"read-more\" href=\"https:\/\/ifd12-nqn.infd.edu.ar\/sitio\/normativa\/\" aria-label=\"More on Normativa\">[+]<\/a><\/p>\n","protected":false},"author":1452,"featured_media":0,"parent":0,"menu_order":0,"comment_status":"closed","ping_status":"closed","template":"","meta":[],"acf":[],"_links":{"self":[{"href":"https:\/\/ifd12-nqn.infd.edu.ar\/sitio\/wp-json\/wp\/v2\/pages\/943"}],"collection":[{"href":"https:\/\/ifd12-nqn.infd.edu.ar\/sitio\/wp-json\/wp\/v2\/pages"}],"about":[{"href":"https:\/\/ifd12-nqn.infd.edu.ar\/sitio\/wp-json\/wp\/v2\/types\/page"}],"author":[{"embeddable":true,"href":"https:\/\/ifd12-nqn.infd.edu.ar\/sitio\/wp-json\/wp\/v2\/users\/1452"}],"replies":[{"embeddable":true,"href":"https:\/\/ifd12-nqn.infd.edu.ar\/sitio\/wp-json\/wp\/v2\/comments?post=943"}],"version-history":[{"count":18,"href":"https:\/\/ifd12-nqn.infd.edu.ar\/sitio\/wp-json\/wp\/v2\/pages\/943\/revisions"}],"predecessor-version":[{"id":3906,"href":"https:\/\/ifd12-nqn.infd.edu.ar\/sitio\/wp-json\/wp\/v2\/pages\/943\/revisions\/3906"}],"wp:attachment":[{"href":"https:\/\/ifd12-nqn.infd.edu.ar\/sitio\/wp-json\/wp\/v2\/media?parent=943"}],"curies":[{"name":"wp","href":"https:\/\/api.w.org\/{rel}","templated":true}]}}